{"id":18048,"date":"2023-12-21T19:15:33","date_gmt":"2023-12-21T18:15:33","guid":{"rendered":"https:\/\/franja.org\/impresum\/"},"modified":"2024-02-06T17:15:12","modified_gmt":"2024-02-06T16:15:12","slug":"impressum","status":"publish","type":"page","link":"https:\/\/franja.org\/en\/impressum\/","title":{"rendered":"Impressum"},"content":{"rendered":"\n<div class=\"wp-block-uagb-container uagb-block-cb4c7ac7 alignfull uagb-is-root-container\"><div class=\"uagb-container-inner-blocks-wrap\">\n<p>Lastnik in avtor besedil:\u00a0\u00a0KOLESARSKO DRU\u0160TVO ROG, Ulica gledali\u0161\u010da BTC 10, 1000 Ljubljana<\/p>\n\n\n\n<p>Fotografije in druge medijske datoteke: Maraton Franja. Pravice pridr\u017eane<\/p>\n\n\n\n<p>Oblika in izvedba:\u00a0<a href=\"https:\/\/www.pr-partnerji.si\/\" target=\"_blank\" rel=\"noreferrer noopener\">PR &amp; Partnerji<\/a><\/p>\n\n\n\n<p>Gostovanje spletne strani na stre\u017enikih&nbsp;v Sloveniji.<\/p>\n\n\n\n<p>Vse pravice pridr\u017eane!<\/p>\n<\/div><\/div>\n","protected":false},"excerpt":{"rendered":"<p>Lastnik in avtor besedil:\u00a0\u00a0KOLESARSKO DRU\u0160TVO ROG, Ulica gledali\u0161\u010da BTC 10, 1000 Ljubljana Fotografije in druge medijske datoteke: Maraton Franja. Pravice pridr\u017eane Oblika in izvedba:\u00a0PR &amp; Partnerji Gostovanje spletne strani na stre\u017enikih&nbsp;v Sloveniji. Vse pravice pridr\u017eane!<\/p>\n","protected":false},"author":1,"featured_media":16530,"parent":0,"menu_order":0,"comment_status":"closed","ping_status":"closed","template":"","meta":{"_uag_custom_page_level_css":"","footnotes":""},"class_list":["post-18048","page","type-page","status-publish","has-post-thumbnail","hentry"],"yoast_head":"<!-- This site is optimized with the Yoast SEO plugin v27.2 - https:\/\/yoast.com\/product\/yoast-seo-wordpress\/ -->\n<title>Impressum - Maraton Franja<\/title>\n<meta name=\"robots\" content=\"index, follow, max-snippet:-1, max-image-preview:large, max-video-preview:-1\" \/>\n<link rel=\"canonical\" href=\"https:\/\/franja.org\/en\/impressum\/\" \/>\n<meta property=\"og:locale\" content=\"en_US\" \/>\n<meta property=\"og:type\" content=\"article\" \/>\n<meta property=\"og:title\" content=\"Impressum - Maraton Franja\" \/>\n<meta property=\"og:description\" content=\"Lastnik in avtor besedil:\u00a0\u00a0KOLESARSKO DRU\u0160TVO ROG, Ulica gledali\u0161\u010da BTC 10, 1000 Ljubljana Fotografije in druge medijske datoteke: Maraton Franja. Pravice pridr\u017eane Oblika in izvedba:\u00a0PR &amp; Partnerji Gostovanje spletne strani na stre\u017enikih&nbsp;v Sloveniji. Vse pravice pridr\u017eane!\" \/>\n<meta property=\"og:url\" content=\"https:\/\/franja.org\/en\/impressum\/\" \/>\n<meta property=\"og:site_name\" content=\"Maraton Franja\" \/>\n<meta property=\"article:modified_time\" content=\"2024-02-06T16:15:12+00:00\" \/>\n<meta property=\"og:image\" content=\"https:\/\/franja.org\/wp-content\/uploads\/2023\/12\/blog1.jpg\" \/>\n\t<meta property=\"og:image:width\" content=\"1920\" \/>\n\t<meta property=\"og:image:height\" content=\"890\" \/>\n\t<meta property=\"og:image:type\" content=\"image\/jpeg\" \/>\n<meta name=\"twitter:card\" content=\"summary_large_image\" \/>\n<meta name=\"twitter:label1\" content=\"Est. reading time\" \/>\n\t<meta name=\"twitter:data1\" content=\"1 minute\" \/>\n<script type=\"application\/ld+json\" class=\"yoast-schema-graph\">{\"@context\":\"https:\/\/schema.org\",\"@graph\":[{\"@type\":\"WebPage\",\"@id\":\"https:\/\/franja.org\/en\/impressum\/\",\"url\":\"https:\/\/franja.org\/en\/impressum\/\",\"name\":\"Impressum - Maraton Franja\",\"isPartOf\":{\"@id\":\"https:\/\/franja.org\/en\/#website\"},\"primaryImageOfPage\":{\"@id\":\"https:\/\/franja.org\/en\/impressum\/#primaryimage\"},\"image\":{\"@id\":\"https:\/\/franja.org\/en\/impressum\/#primaryimage\"},\"thumbnailUrl\":\"https:\/\/franja.org\/wp-content\/uploads\/2023\/12\/blog1.jpg\",\"datePublished\":\"2023-12-21T18:15:33+00:00\",\"dateModified\":\"2024-02-06T16:15:12+00:00\",\"breadcrumb\":{\"@id\":\"https:\/\/franja.org\/en\/impressum\/#breadcrumb\"},\"inLanguage\":\"en-US\",\"potentialAction\":[{\"@type\":\"ReadAction\",\"target\":[\"https:\/\/franja.org\/en\/impressum\/\"]}]},{\"@type\":\"ImageObject\",\"inLanguage\":\"en-US\",\"@id\":\"https:\/\/franja.org\/en\/impressum\/#primaryimage\",\"url\":\"https:\/\/franja.org\/wp-content\/uploads\/2023\/12\/blog1.jpg\",\"contentUrl\":\"https:\/\/franja.org\/wp-content\/uploads\/2023\/12\/blog1.jpg\",\"width\":1920,\"height\":890},{\"@type\":\"BreadcrumbList\",\"@id\":\"https:\/\/franja.org\/en\/impressum\/#breadcrumb\",\"itemListElement\":[{\"@type\":\"ListItem\",\"position\":1,\"name\":\"Home\",\"item\":\"https:\/\/franja.org\/en\/\"},{\"@type\":\"ListItem\",\"position\":2,\"name\":\"Impressum\"}]},{\"@type\":\"WebSite\",\"@id\":\"https:\/\/franja.org\/en\/#website\",\"url\":\"https:\/\/franja.org\/en\/\",\"name\":\"Maraton Franja\",\"description\":\"Najve\u010dji slovenski kolesarski maraton\",\"potentialAction\":[{\"@type\":\"SearchAction\",\"target\":{\"@type\":\"EntryPoint\",\"urlTemplate\":\"https:\/\/franja.org\/en\/?s={search_term_string}\"},\"query-input\":{\"@type\":\"PropertyValueSpecification\",\"valueRequired\":true,\"valueName\":\"search_term_string\"}}],\"inLanguage\":\"en-US\"}]}<\/script>\n<!-- \/ Yoast SEO plugin. -->","yoast_head_json":{"title":"Impressum - Maraton Franja","robots":{"index":"index","follow":"follow","max-snippet":"max-snippet:-1","max-image-preview":"max-image-preview:large","max-video-preview":"max-video-preview:-1"},"canonical":"https:\/\/franja.org\/en\/impressum\/","og_locale":"en_US","og_type":"article","og_title":"Impressum - Maraton Franja","og_description":"Lastnik in avtor besedil:\u00a0\u00a0KOLESARSKO DRU\u0160TVO ROG, Ulica gledali\u0161\u010da BTC 10, 1000 Ljubljana Fotografije in druge medijske datoteke: Maraton Franja. Pravice pridr\u017eane Oblika in izvedba:\u00a0PR &amp; Partnerji Gostovanje spletne strani na stre\u017enikih&nbsp;v Sloveniji. Vse pravice pridr\u017eane!","og_url":"https:\/\/franja.org\/en\/impressum\/","og_site_name":"Maraton Franja","article_modified_time":"2024-02-06T16:15:12+00:00","og_image":[{"width":1920,"height":890,"url":"https:\/\/franja.org\/wp-content\/uploads\/2023\/12\/blog1.jpg","type":"image\/jpeg"}],"twitter_card":"summary_large_image","twitter_misc":{"Est. reading time":"1 minute"},"schema":{"@context":"https:\/\/schema.org","@graph":[{"@type":"WebPage","@id":"https:\/\/franja.org\/en\/impressum\/","url":"https:\/\/franja.org\/en\/impressum\/","name":"Impressum - Maraton Franja","isPartOf":{"@id":"https:\/\/franja.org\/en\/#website"},"primaryImageOfPage":{"@id":"https:\/\/franja.org\/en\/impressum\/#primaryimage"},"image":{"@id":"https:\/\/franja.org\/en\/impressum\/#primaryimage"},"thumbnailUrl":"https:\/\/franja.org\/wp-content\/uploads\/2023\/12\/blog1.jpg","datePublished":"2023-12-21T18:15:33+00:00","dateModified":"2024-02-06T16:15:12+00:00","breadcrumb":{"@id":"https:\/\/franja.org\/en\/impressum\/#breadcrumb"},"inLanguage":"en-US","potentialAction":[{"@type":"ReadAction","target":["https:\/\/franja.org\/en\/impressum\/"]}]},{"@type":"ImageObject","inLanguage":"en-US","@id":"https:\/\/franja.org\/en\/impressum\/#primaryimage","url":"https:\/\/franja.org\/wp-content\/uploads\/2023\/12\/blog1.jpg","contentUrl":"https:\/\/franja.org\/wp-content\/uploads\/2023\/12\/blog1.jpg","width":1920,"height":890},{"@type":"BreadcrumbList","@id":"https:\/\/franja.org\/en\/impressum\/#breadcrumb","itemListElement":[{"@type":"ListItem","position":1,"name":"Home","item":"https:\/\/franja.org\/en\/"},{"@type":"ListItem","position":2,"name":"Impressum"}]},{"@type":"WebSite","@id":"https:\/\/franja.org\/en\/#website","url":"https:\/\/franja.org\/en\/","name":"Maraton Franja","description":"Najve\u010dji slovenski kolesarski maraton","potentialAction":[{"@type":"SearchAction","target":{"@type":"EntryPoint","urlTemplate":"https:\/\/franja.org\/en\/?s={search_term_string}"},"query-input":{"@type":"PropertyValueSpecification","valueRequired":true,"valueName":"search_term_string"}}],"inLanguage":"en-US"}]}},"uagb_featured_image_src":{"full":["https:\/\/franja.org\/wp-content\/uploads\/2023\/12\/blog1.jpg",1920,890,false],"thumbnail":["https:\/\/franja.org\/wp-content\/uploads\/2023\/12\/blog1-150x150.jpg",150,150,true],"medium":["https:\/\/franja.org\/wp-content\/uploads\/2023\/12\/blog1-520x241.jpg",520,241,true],"medium_large":["https:\/\/franja.org\/wp-content\/uploads\/2023\/12\/blog1-768x356.jpg",768,356,true],"large":["https:\/\/franja.org\/wp-content\/uploads\/2023\/12\/blog1-1200x556.jpg",1200,556,true],"1536x1536":["https:\/\/franja.org\/wp-content\/uploads\/2023\/12\/blog1-1536x712.jpg",1536,712,true],"2048x2048":["https:\/\/franja.org\/wp-content\/uploads\/2023\/12\/blog1.jpg",1920,890,false],"tp-image-grid":["https:\/\/franja.org\/wp-content\/uploads\/2023\/12\/blog1-700x700.jpg",700,700,true],"lshowcase-thumb":["https:\/\/franja.org\/wp-content\/uploads\/2023\/12\/blog1-200x93.jpg",200,93,true]},"uagb_author_info":{"display_name":"tomaz","author_link":"https:\/\/franja.org\/en\/author\/tomaz\/"},"uagb_comment_info":0,"uagb_excerpt":"Lastnik in avtor besedil:\u00a0\u00a0KOLESARSKO DRU\u0160TVO ROG, Ulica gledali\u0161\u010da BTC 10, 1000 Ljubljana Fotografije in druge medijske datoteke: Maraton Franja. Pravice pridr\u017eane Oblika in izvedba:\u00a0PR &amp; Partnerji Gostovanje spletne strani na stre\u017enikih&nbsp;v Sloveniji. Vse pravice pridr\u017eane!","_links":{"self":[{"href":"https:\/\/franja.org\/en\/wp-json\/wp\/v2\/pages\/18048","targetHints":{"allow":["GET"]}}],"collection":[{"href":"https:\/\/franja.org\/en\/wp-json\/wp\/v2\/pages"}],"about":[{"href":"https:\/\/franja.org\/en\/wp-json\/wp\/v2\/types\/page"}],"author":[{"embeddable":true,"href":"https:\/\/franja.org\/en\/wp-json\/wp\/v2\/users\/1"}],"replies":[{"embeddable":true,"href":"https:\/\/franja.org\/en\/wp-json\/wp\/v2\/comments?post=18048"}],"version-history":[{"count":0,"href":"https:\/\/franja.org\/en\/wp-json\/wp\/v2\/pages\/18048\/revisions"}],"wp:featuredmedia":[{"embeddable":true,"href":"https:\/\/franja.org\/en\/wp-json\/wp\/v2\/media\/16530"}],"wp:attachment":[{"href":"https:\/\/franja.org\/en\/wp-json\/wp\/v2\/media?parent=18048"}],"curies":[{"name":"wp","href":"https:\/\/api.w.org\/{rel}","templated":true}]}}