{"id":18070,"date":"2023-12-03T16:58:40","date_gmt":"2023-12-03T15:58:40","guid":{"rendered":"https:\/\/franja.org\/politika-zasebnosti\/"},"modified":"2024-02-14T15:15:55","modified_gmt":"2024-02-14T14:15:55","slug":"privacy-policy","status":"publish","type":"page","link":"https:\/\/franja.org\/en\/privacy-policy\/","title":{"rendered":"Privacy policy"},"content":{"rendered":"\t\t<div data-elementor-type=\"wp-page\" data-elementor-id=\"18070\" class=\"elementor elementor-18070 elementor-12510\" data-elementor-settings=\"{&quot;element_pack_global_tooltip_width&quot;:{&quot;unit&quot;:&quot;px&quot;,&quot;size&quot;:&quot;&quot;,&quot;sizes&quot;:[]},&quot;element_pack_global_tooltip_width_tablet&quot;:{&quot;unit&quot;:&quot;px&quot;,&quot;size&quot;:&quot;&quot;,&quot;sizes&quot;:[]},&quot;element_pack_global_tooltip_width_mobile&quot;:{&quot;unit&quot;:&quot;px&quot;,&quot;size&quot;:&quot;&quot;,&quot;sizes&quot;:[]},&quot;element_pack_global_tooltip_padding&quot;:{&quot;unit&quot;:&quot;px&quot;,&quot;top&quot;:&quot;&quot;,&quot;right&quot;:&quot;&quot;,&quot;bottom&quot;:&quot;&quot;,&quot;left&quot;:&quot;&quot;,&quot;isLinked&quot;:true},&quot;element_pack_global_tooltip_padding_tablet&quot;:{&quot;unit&quot;:&quot;px&quot;,&quot;top&quot;:&quot;&quot;,&quot;right&quot;:&quot;&quot;,&quot;bottom&quot;:&quot;&quot;,&quot;left&quot;:&quot;&quot;,&quot;isLinked&quot;:true},&quot;element_pack_global_tooltip_padding_mobile&quot;:{&quot;unit&quot;:&quot;px&quot;,&quot;top&quot;:&quot;&quot;,&quot;right&quot;:&quot;&quot;,&quot;bottom&quot;:&quot;&quot;,&quot;left&quot;:&quot;&quot;,&quot;isLinked&quot;:true},&quot;element_pack_global_tooltip_border_radius&quot;:{&quot;unit&quot;:&quot;px&quot;,&quot;top&quot;:&quot;&quot;,&quot;right&quot;:&quot;&quot;,&quot;bottom&quot;:&quot;&quot;,&quot;left&quot;:&quot;&quot;,&quot;isLinked&quot;:true},&quot;element_pack_global_tooltip_border_radius_tablet&quot;:{&quot;unit&quot;:&quot;px&quot;,&quot;top&quot;:&quot;&quot;,&quot;right&quot;:&quot;&quot;,&quot;bottom&quot;:&quot;&quot;,&quot;left&quot;:&quot;&quot;,&quot;isLinked&quot;:true},&quot;element_pack_global_tooltip_border_radius_mobile&quot;:{&quot;unit&quot;:&quot;px&quot;,&quot;top&quot;:&quot;&quot;,&quot;right&quot;:&quot;&quot;,&quot;bottom&quot;:&quot;&quot;,&quot;left&quot;:&quot;&quot;,&quot;isLinked&quot;:true}}\" data-elementor-post-type=\"page\">\n\t\t\t\t\t\t<section class=\"xts-negative-gap elementor-section elementor-top-section elementor-element elementor-element-bad61a7 elementor-section-full_width elementor-section-stretched elementor-section-height-default elementor-section-height-default xts-section-disabled\" data-id=\"bad61a7\" data-element_type=\"section\" data-e-type=\"section\" data-settings=\"{&quot;stretch_section&quot;:&quot;section-stretched&quot;,&quot;background_background&quot;:&quot;classic&quot;}\">\n\t\t\t\t\t\t\t<div class=\"elementor-background-overlay\"><\/div>\n\t\t\t\t\t\t\t<div class=\"elementor-container elementor-column-gap-default\">\n\t\t\t\t\t<div class=\"elementor-column elementor-col-100 elementor-top-column elementor-element elementor-element-61f2cee\" data-id=\"61f2cee\" data-element_type=\"column\" data-e-type=\"column\">\n\t\t\t<div class=\"elementor-widget-wrap elementor-element-populated\">\n\t\t\t\t\t\t<div class=\"elementor-element elementor-element-70e69da elementor-widget elementor-widget-bdt-advanced-heading\" data-id=\"70e69da\" data-element_type=\"widget\" data-e-type=\"widget\" data-widget_type=\"bdt-advanced-heading.default\">\n\t\t\t\t<div class=\"elementor-widget-container\">\n\t\t\t\t\t<div id=\"70e69da\" class=\"bdt-ep-advanced-heading\" data-settings=\"{&quot;titleMultiColor&quot;:&quot;no&quot;}\"><h2 class=\"bdt-ep-advanced-heading-title\"><span class=\"bdt-ep-advanced-heading-main-title\"><span class=\"bdt-ep-advanced-heading-main-title-inner\">PRIVACY POLICY<\/span><\/span><\/h2><\/div>\t\t\t\t<\/div>\n\t\t\t\t<\/div>\n\t\t\t\t\t<\/div>\n\t\t<\/div>\n\t\t\t\t\t<\/div>\n\t\t<\/section>\n\t\t\t\t<section class=\"elementor-section elementor-top-section elementor-element elementor-element-a4c5b73 elementor-section-boxed elementor-section-height-default elementor-section-height-default xts-section-disabled\" data-id=\"a4c5b73\" data-element_type=\"section\" data-e-type=\"section\">\n\t\t\t\t\t\t<div class=\"elementor-container elementor-column-gap-default\">\n\t\t\t\t\t<div class=\"elementor-column elementor-col-100 elementor-top-column elementor-element elementor-element-1ff77e1\" data-id=\"1ff77e1\" data-element_type=\"column\" data-e-type=\"column\">\n\t\t\t<div class=\"elementor-widget-wrap elementor-element-populated\">\n\t\t\t\t\t\t<div class=\"elementor-element elementor-element-74a7429 elementor-widget__width-initial elementor-widget-mobile__width-inherit xts-width-100 elementor-widget elementor-widget-xts_title\" data-id=\"74a7429\" data-element_type=\"widget\" data-e-type=\"widget\" data-widget_type=\"xts_title.default\">\n\t\t\t\t<div class=\"elementor-widget-container\">\n\t\t\t\t\t\t\t\t<div class=\"xts-section-heading xts-reset-mb-10 xts-reset-last xts-textalign-left xts-textalign-sm-left\" data-animation-delay=\"\">\n\t\t\t\t\n\t\t\t\t\t\t\t\t\t<h4 class=\"xts-section-title title xts-design-underline xts-fontsize-l\">\n\t\t\t\t\t\t<span class=\"xts-section-title-text\" data-elementor-setting-key=\"title\">\n\t\t\t\t\t\t\tPRIVACY POLICY\t\t\t\t\t\t<\/span>\n\n\t\t\t\t\t\t\t\t\t\t\t<\/h4>\n\t\t\t\t\n\t\t\t\t\n\t\t\t\t\t\t\t<\/div>\n\t\t\t\t\t\t<\/div>\n\t\t\t\t<\/div>\n\t\t\t\t<div class=\"elementor-element elementor-element-c9efd85 xts-scheme-inherit xts-textalign-inherit elementor-widget elementor-widget-text-editor\" data-id=\"c9efd85\" data-element_type=\"widget\" data-e-type=\"widget\" data-widget_type=\"text-editor.default\">\n\t\t\t\t<div class=\"elementor-widget-container\">\n\t\t\t\t\t\t\t\t\t<p><span data-contrast=\"auto\">We recognize the significance of safeguarding individuals&#8217; personal data and are dedicated to ensuring your privacy. We process personal data to deliver the best user experience related to our services while maintaining the highest standards of security and discretion in handling and storing your personal information.<\/span><span data-ccp-props=\"{}\">\u00a0<\/span><\/p><p><span data-contrast=\"auto\">The purpose of our Privacy Policy is to provide you with information on privacy protection and the choices available regarding how we collect and utilize information online.<\/span><span data-ccp-props=\"{}\">\u00a0<\/span><\/p><h4><span data-contrast=\"auto\">Processing of personal data<\/span><span data-ccp-props=\"{}\">\u00a0<\/span><\/h4><p><span data-contrast=\"auto\">The processing of personal data conducted by the personal data controller of the Kolesarsko dru\u0161tvo ROG, located at Ulica gledali\u0161\u010da BTC 10, 1000 Ljubljana (hereinafter referred to as the controller), adheres to the applicable national and European legislation concerning personal data protection.<\/span><span data-ccp-props=\"{}\">\u00a0<\/span><\/p><p><span data-contrast=\"auto\">\u00a0This policy is applicable to users of our websites, recipients of newsletters, marathon participants, and purchasers of our products.<\/span><span data-ccp-props=\"{}\">\u00a0<\/span><\/p><p><span data-contrast=\"auto\">\u00a0By subscribing to the newsletter or registering for a marathon, you acknowledge and consent to the controller collecting and processing the provided personal data.<\/span><span data-ccp-props=\"{}\">\u00a0<\/span><\/p><p><span data-contrast=\"auto\">\u00a0Users bear sole responsibility for the accuracy of personal data and contact information provided.<\/span><span data-ccp-props=\"{}\">\u00a0<\/span><\/p><p><span data-contrast=\"auto\">\u00a0The transmitted personal data will be processed in accordance with the General Data Protection Regulation and the relevant Personal Data Protection Act.<\/span><span data-ccp-props=\"{}\">\u00a0<\/span><\/p><h4><span data-contrast=\"auto\">Legal basis<\/span><span data-ccp-props=\"{}\">\u00a0<\/span><\/h4><p><span data-contrast=\"auto\">The controller processes your personal data only if it has a legal or other legal basis for doing so. We collect and process personal data on the basis of consent, contract, legitimate interest or applicable law.<\/span><span data-ccp-props=\"{}\">\u00a0<\/span><\/p><h4><span data-contrast=\"auto\">Purpose and use of data<\/span><span data-ccp-props=\"{}\">\u00a0<\/span><\/h4><p><span data-contrast=\"auto\">We collect personal data in accordance with the purpose for which you provided it to us and use it exclusively for the purpose for which you provided us with the data. The provided personal data will not be used for any other purpose.<\/span><span data-ccp-props=\"{}\">\u00a0<\/span><\/p><p><span data-contrast=\"auto\">You voluntarily provide us with personal data that we process on the legal bases presented above. If you decide that you do not wish to provide us with personal data, we would like to point out that there is a possibility that we will not be able to provide certain services to you.<\/span><span data-ccp-props=\"{}\">\u00a0<\/span><\/p><h4><span data-contrast=\"auto\">Data collection and processing<\/span><span data-ccp-props=\"{}\">\u00a0<\/span><\/h4><p><span data-contrast=\"auto\">We collect your personal data only if absolutely necessary. You can also visit the website www.franja.org without giving any personal information.<\/span><span data-ccp-props=\"{}\">\u00a0<\/span><\/p><p><span data-contrast=\"auto\">By subscribing to the newsletter, you agree that we collect personal data about you that you provided us when registering. The personal data we collect is name, surname and e-mail address, and in some cases it can only be an e-mail address. When registering for a marathon, we collect name, surname, gender, year of birth, address, e-mail address, telephone, payment information and the club you come from, while collecting a tax number, name of the responsible person, telephone, e-mail address and name of the team. When ordering our products, we collect the data we need to execute the order.<\/span><span data-ccp-props=\"{}\">\u00a0<\/span><\/p><p><span data-contrast=\"auto\">Personal information (name, surname, year of birth) of an individual participant is also published at the end of the event on our website on the results and overview page of applications and on the website of the timingljubljana.si that performs the timekeeping. This information can also be displayed if the cyclist fills out the form on the commemorative diploma in pdf format.<\/span><span data-ccp-props=\"{}\">\u00a0<\/span><\/p><p><span data-contrast=\"auto\">By using cookies, you agree to their use for the purpose of analyzing the user&#8217;s path on the website: where the user came from to the website (source of traffic), to monitor the stay on the website, which websites he visited, what content he downloaded or viewed, and to monitor and personalize advertising.<\/span><span data-ccp-props=\"{}\">\u00a0<\/span><\/p><p><span data-contrast=\"auto\">Apart from the aforementioned data, the controller will be able to collect data on the address of the website on which the consent was given, as well as the IP address of the individual when giving consent and the time of consent, etc. For the purpose of monitoring cancellations and processing restrictions, we will collect the date of cancellation or restriction of processing, as well as e-mails informing us about the cancellation, change of data, etc.<\/span><span data-ccp-props=\"{}\">\u00a0<\/span><\/p><h4><span data-contrast=\"auto\">Data storage<\/span><span data-ccp-props=\"{}\">\u00a0<\/span><\/h4><p><span data-contrast=\"auto\">We keep the personal data you provided to us when subscribing to the newsletter until we receive an unsubscribe request, which automatically means withdrawal of consent. After receiving the unsubscribe request, we will no longer use the collected personal data to send e-news or invitations to events. After unsubscribing or withdrawing consent or after the expiration of the contractual relationship, the data may remain stored in the controller&#8217;s collection for another five years.<\/span><span data-ccp-props=\"{}\">\u00a0<\/span><\/p><p><span data-contrast=\"auto\">You can revoke your consent to the processing of personal data at any time. The withdrawal of consent does not affect the lawfulness of data processing before withdrawal.<\/span><span data-ccp-props=\"{}\">\u00a0<\/span><\/p><p><span data-contrast=\"auto\">The data obtained on the basis of consent is stored until revocation. All other personal data within the scope of contractual cooperation is stored in accordance with the current legislation and within the limitation periods.<\/span><span data-ccp-props=\"{}\">\u00a0<\/span><\/p><h4><span data-contrast=\"auto\">Transfer of personal data<\/span><span data-ccp-props=\"{}\">\u00a0<\/span><\/h4><p><span data-contrast=\"auto\">Personal data will not be forwarded to third parties, except for selected contractual partners, which are also bound by the General Data Protection Regulation and will not be publicly disclosed, except in the case of Timing Ljubljana, which carries out timekeeping on the marathon and in cases of explicit consent or contract.<\/span><span data-ccp-props=\"{}\">\u00a0<\/span><\/p><h4><span data-contrast=\"auto\">Your rights<\/span><span data-ccp-props=\"{}\">\u00a0<\/span><\/h4><p><span data-contrast=\"auto\">In accordance with the General Regulation on the Protection of Personal Data and applicable legislation, you have the right to withdraw your consent, the right to access data concerning you, the right to correct inaccurate data, the right to restrict processing, the right to be forgotten or delete all data, the right to lodge a complaint with a supervisory authority and the right to data portability.<\/span><span data-ccp-props=\"{}\">\u00a0<\/span><\/p><p><span data-contrast=\"auto\">You have the right, at your own request and free of charge, to receive information about which personal data we have stored about you. Furthermore, you have the right to request correction, erasure or prohibition of the use of incorrect data. Under certain circumstances, the deletion of data may be contrary to legal regulations, especially if the data are intended for accounting purposes.<\/span><span data-ccp-props=\"{}\">\u00a0<\/span><\/p><p><span data-contrast=\"auto\">You can exercise any right in writing at any time. Please provide your name, surname and e-mail address. The request can be sent by post to the address of the operator: Kolesarsko dru\u0161tvo Rog, Ulica gledali\u0161\u010da BTC 10, 1000 Ljubljana or to the e-mail address info@franja.org.<\/span><span data-ccp-props=\"{}\">\u00a0<\/span><\/p><p><span data-contrast=\"auto\">Report the complaint to the supervisory authority to the valid contact of the Information Commissioner. You can also send the withdrawal of consent to the contact from which you received our message or by clicking on the offered link.<\/span><span data-ccp-props=\"{}\">\u00a0<\/span><\/p><p><span data-contrast=\"auto\">We are obliged to respond to your request to exercise your rights in relation to the aforementioned personal data without undue delay and at the latest within one month of receiving the request.<\/span><span data-ccp-props=\"{}\">\u00a0<\/span><\/p><p><span data-contrast=\"auto\">For the purposes of reliable identification in the event of exercising rights in connection with personal data, we may request additional information from you, and we can only refuse to take action if we prove that we cannot reliably identify you.<\/span><span data-ccp-props=\"{}\">\u00a0<\/span><\/p><h4><span data-contrast=\"auto\">Final provisions<\/span><span data-ccp-props=\"{}\">\u00a0<\/span><\/h4><p><span data-contrast=\"auto\">If certain areas are not regulated by these Terms of Personal Data Processing, the applicable law shall apply instead.<\/span><span data-ccp-props=\"{}\">\u00a0<\/span><\/p><p><span data-contrast=\"auto\">This Privacy Statement is subject to modification or supplementation at any time without prior notice. By continuing to use the provider&#8217;s website after such changes or amendments, individuals acknowledge that they are aware of and agree to the revised terms.<\/span><span data-ccp-props=\"{}\">\u00a0<\/span><\/p><p><span data-contrast=\"auto\">Kolesarsko dru\u0161tvo Rog, Ulica gledali\u0161\u010da BTC 10, Ljubljana, 1000 Ljubljana, VAT ID SI10176403, registration number 5137926.<\/span><span data-ccp-props=\"{}\">\u00a0<\/span><\/p><p>Ljubljana, 5. december 2023<\/p>\t\t\t\t\t\t\t\t<\/div>\n\t\t\t\t<\/div>\n\t\t\t\t\t<\/div>\n\t\t<\/div>\n\t\t\t\t\t<\/div>\n\t\t<\/section>\n\t\t\t\t<\/div>\n\t\t","protected":false},"excerpt":{"rendered":"<p>PRIVACY POLICY PRIVACY POLICY We recognize the significance of safeguarding individuals&#8217; personal data and are dedicated to ensuring your privacy. We process personal data to deliver the best user experience related to our services while maintaining the highest standards of security and discretion in handling and storing your personal information.\u00a0 The purpose of our Privacy [&hellip;]<\/p>\n","protected":false},"author":2,"featured_media":16530,"parent":0,"menu_order":0,"comment_status":"closed","ping_status":"open","template":"","meta":{"_uag_custom_page_level_css":"","footnotes":""},"class_list":["post-18070","page","type-page","status-publish","has-post-thumbnail","hentry"],"yoast_head":"<!-- This site is optimized with the Yoast SEO plugin v27.5 - https:\/\/yoast.com\/product\/yoast-seo-wordpress\/ -->\n<title>Privacy policy - Maraton Franja<\/title>\n<meta name=\"robots\" content=\"index, follow, max-snippet:-1, max-image-preview:large, max-video-preview:-1\" \/>\n<link rel=\"canonical\" href=\"https:\/\/franja.org\/en\/privacy-policy\/\" \/>\n<meta property=\"og:locale\" content=\"en_US\" \/>\n<meta property=\"og:type\" content=\"article\" \/>\n<meta property=\"og:title\" content=\"Privacy policy - Maraton Franja\" \/>\n<meta property=\"og:description\" content=\"PRIVACY POLICY PRIVACY POLICY We recognize the significance of safeguarding individuals&#8217; personal data and are dedicated to ensuring your privacy. We process personal data to deliver the best user experience related to our services while maintaining the highest standards of security and discretion in handling and storing your personal information.\u00a0 The purpose of our Privacy [&hellip;]\" \/>\n<meta property=\"og:url\" content=\"https:\/\/franja.org\/en\/privacy-policy\/\" \/>\n<meta property=\"og:site_name\" content=\"Maraton Franja\" \/>\n<meta property=\"article:modified_time\" content=\"2024-02-14T14:15:55+00:00\" \/>\n<meta property=\"og:image\" content=\"https:\/\/franja.org\/wp-content\/uploads\/2023\/12\/blog1.jpg\" \/>\n\t<meta property=\"og:image:width\" content=\"1920\" \/>\n\t<meta property=\"og:image:height\" content=\"890\" \/>\n\t<meta property=\"og:image:type\" content=\"image\/jpeg\" \/>\n<meta name=\"twitter:card\" content=\"summary_large_image\" \/>\n<meta name=\"twitter:label1\" content=\"Est. reading time\" \/>\n\t<meta name=\"twitter:data1\" content=\"6 minutes\" \/>\n<script type=\"application\/ld+json\" class=\"yoast-schema-graph\">{\"@context\":\"https:\\\/\\\/schema.org\",\"@graph\":[{\"@type\":\"WebPage\",\"@id\":\"https:\\\/\\\/franja.org\\\/en\\\/privacy-policy\\\/\",\"url\":\"https:\\\/\\\/franja.org\\\/en\\\/privacy-policy\\\/\",\"name\":\"Privacy policy - Maraton Franja\",\"isPartOf\":{\"@id\":\"https:\\\/\\\/franja.org\\\/en\\\/#website\"},\"primaryImageOfPage\":{\"@id\":\"https:\\\/\\\/franja.org\\\/en\\\/privacy-policy\\\/#primaryimage\"},\"image\":{\"@id\":\"https:\\\/\\\/franja.org\\\/en\\\/privacy-policy\\\/#primaryimage\"},\"thumbnailUrl\":\"https:\\\/\\\/franja.org\\\/wp-content\\\/uploads\\\/2023\\\/12\\\/blog1.jpg\",\"datePublished\":\"2023-12-03T15:58:40+00:00\",\"dateModified\":\"2024-02-14T14:15:55+00:00\",\"breadcrumb\":{\"@id\":\"https:\\\/\\\/franja.org\\\/en\\\/privacy-policy\\\/#breadcrumb\"},\"inLanguage\":\"en-US\",\"potentialAction\":[{\"@type\":\"ReadAction\",\"target\":[\"https:\\\/\\\/franja.org\\\/en\\\/privacy-policy\\\/\"]}]},{\"@type\":\"ImageObject\",\"inLanguage\":\"en-US\",\"@id\":\"https:\\\/\\\/franja.org\\\/en\\\/privacy-policy\\\/#primaryimage\",\"url\":\"https:\\\/\\\/franja.org\\\/wp-content\\\/uploads\\\/2023\\\/12\\\/blog1.jpg\",\"contentUrl\":\"https:\\\/\\\/franja.org\\\/wp-content\\\/uploads\\\/2023\\\/12\\\/blog1.jpg\",\"width\":1920,\"height\":890},{\"@type\":\"BreadcrumbList\",\"@id\":\"https:\\\/\\\/franja.org\\\/en\\\/privacy-policy\\\/#breadcrumb\",\"itemListElement\":[{\"@type\":\"ListItem\",\"position\":1,\"name\":\"Home\",\"item\":\"https:\\\/\\\/franja.org\\\/en\\\/\"},{\"@type\":\"ListItem\",\"position\":2,\"name\":\"Privacy policy\"}]},{\"@type\":\"WebSite\",\"@id\":\"https:\\\/\\\/franja.org\\\/en\\\/#website\",\"url\":\"https:\\\/\\\/franja.org\\\/en\\\/\",\"name\":\"Maraton Franja\",\"description\":\"Najve\u010dji slovenski kolesarski maraton\",\"potentialAction\":[{\"@type\":\"SearchAction\",\"target\":{\"@type\":\"EntryPoint\",\"urlTemplate\":\"https:\\\/\\\/franja.org\\\/en\\\/?s={search_term_string}\"},\"query-input\":{\"@type\":\"PropertyValueSpecification\",\"valueRequired\":true,\"valueName\":\"search_term_string\"}}],\"inLanguage\":\"en-US\"}]}<\/script>\n<!-- \/ Yoast SEO plugin. -->","yoast_head_json":{"title":"Privacy policy - Maraton Franja","robots":{"index":"index","follow":"follow","max-snippet":"max-snippet:-1","max-image-preview":"max-image-preview:large","max-video-preview":"max-video-preview:-1"},"canonical":"https:\/\/franja.org\/en\/privacy-policy\/","og_locale":"en_US","og_type":"article","og_title":"Privacy policy - Maraton Franja","og_description":"PRIVACY POLICY PRIVACY POLICY We recognize the significance of safeguarding individuals&#8217; personal data and are dedicated to ensuring your privacy. We process personal data to deliver the best user experience related to our services while maintaining the highest standards of security and discretion in handling and storing your personal information.\u00a0 The purpose of our Privacy [&hellip;]","og_url":"https:\/\/franja.org\/en\/privacy-policy\/","og_site_name":"Maraton Franja","article_modified_time":"2024-02-14T14:15:55+00:00","og_image":[{"width":1920,"height":890,"url":"https:\/\/franja.org\/wp-content\/uploads\/2023\/12\/blog1.jpg","type":"image\/jpeg"}],"twitter_card":"summary_large_image","twitter_misc":{"Est. reading time":"6 minutes"},"schema":{"@context":"https:\/\/schema.org","@graph":[{"@type":"WebPage","@id":"https:\/\/franja.org\/en\/privacy-policy\/","url":"https:\/\/franja.org\/en\/privacy-policy\/","name":"Privacy policy - Maraton Franja","isPartOf":{"@id":"https:\/\/franja.org\/en\/#website"},"primaryImageOfPage":{"@id":"https:\/\/franja.org\/en\/privacy-policy\/#primaryimage"},"image":{"@id":"https:\/\/franja.org\/en\/privacy-policy\/#primaryimage"},"thumbnailUrl":"https:\/\/franja.org\/wp-content\/uploads\/2023\/12\/blog1.jpg","datePublished":"2023-12-03T15:58:40+00:00","dateModified":"2024-02-14T14:15:55+00:00","breadcrumb":{"@id":"https:\/\/franja.org\/en\/privacy-policy\/#breadcrumb"},"inLanguage":"en-US","potentialAction":[{"@type":"ReadAction","target":["https:\/\/franja.org\/en\/privacy-policy\/"]}]},{"@type":"ImageObject","inLanguage":"en-US","@id":"https:\/\/franja.org\/en\/privacy-policy\/#primaryimage","url":"https:\/\/franja.org\/wp-content\/uploads\/2023\/12\/blog1.jpg","contentUrl":"https:\/\/franja.org\/wp-content\/uploads\/2023\/12\/blog1.jpg","width":1920,"height":890},{"@type":"BreadcrumbList","@id":"https:\/\/franja.org\/en\/privacy-policy\/#breadcrumb","itemListElement":[{"@type":"ListItem","position":1,"name":"Home","item":"https:\/\/franja.org\/en\/"},{"@type":"ListItem","position":2,"name":"Privacy policy"}]},{"@type":"WebSite","@id":"https:\/\/franja.org\/en\/#website","url":"https:\/\/franja.org\/en\/","name":"Maraton Franja","description":"Najve\u010dji slovenski kolesarski maraton","potentialAction":[{"@type":"SearchAction","target":{"@type":"EntryPoint","urlTemplate":"https:\/\/franja.org\/en\/?s={search_term_string}"},"query-input":{"@type":"PropertyValueSpecification","valueRequired":true,"valueName":"search_term_string"}}],"inLanguage":"en-US"}]}},"uagb_featured_image_src":{"full":["https:\/\/franja.org\/wp-content\/uploads\/2023\/12\/blog1.jpg",1920,890,false],"thumbnail":["https:\/\/franja.org\/wp-content\/uploads\/2023\/12\/blog1-150x150.jpg",150,150,true],"medium":["https:\/\/franja.org\/wp-content\/uploads\/2023\/12\/blog1-520x241.jpg",520,241,true],"medium_large":["https:\/\/franja.org\/wp-content\/uploads\/2023\/12\/blog1-768x356.jpg",768,356,true],"large":["https:\/\/franja.org\/wp-content\/uploads\/2023\/12\/blog1-1200x556.jpg",1200,556,true],"1536x1536":["https:\/\/franja.org\/wp-content\/uploads\/2023\/12\/blog1-1536x712.jpg",1536,712,true],"2048x2048":["https:\/\/franja.org\/wp-content\/uploads\/2023\/12\/blog1.jpg",1920,890,false],"tp-image-grid":["https:\/\/franja.org\/wp-content\/uploads\/2023\/12\/blog1-700x700.jpg",700,700,true],"lshowcase-thumb":["https:\/\/franja.org\/wp-content\/uploads\/2023\/12\/blog1-200x93.jpg",200,93,true]},"uagb_author_info":{"display_name":"Aljosa","author_link":"https:\/\/franja.org\/en\/author\/aljosa\/"},"uagb_comment_info":0,"uagb_excerpt":"PRIVACY POLICY PRIVACY POLICY We recognize the significance of safeguarding individuals&#8217; personal data and are dedicated to ensuring your privacy. We process personal data to deliver the best user experience related to our services while maintaining the highest standards of security and discretion in handling and storing your personal information.\u00a0 The purpose of our Privacy&hellip;","_links":{"self":[{"href":"https:\/\/franja.org\/en\/wp-json\/wp\/v2\/pages\/18070","targetHints":{"allow":["GET"]}}],"collection":[{"href":"https:\/\/franja.org\/en\/wp-json\/wp\/v2\/pages"}],"about":[{"href":"https:\/\/franja.org\/en\/wp-json\/wp\/v2\/types\/page"}],"author":[{"embeddable":true,"href":"https:\/\/franja.org\/en\/wp-json\/wp\/v2\/users\/2"}],"replies":[{"embeddable":true,"href":"https:\/\/franja.org\/en\/wp-json\/wp\/v2\/comments?post=18070"}],"version-history":[{"count":0,"href":"https:\/\/franja.org\/en\/wp-json\/wp\/v2\/pages\/18070\/revisions"}],"wp:featuredmedia":[{"embeddable":true,"href":"https:\/\/franja.org\/en\/wp-json\/wp\/v2\/media\/16530"}],"wp:attachment":[{"href":"https:\/\/franja.org\/en\/wp-json\/wp\/v2\/media?parent=18070"}],"curies":[{"name":"wp","href":"https:\/\/api.w.org\/{rel}","templated":true}]}}